{"id":3,"date":"2025-11-24T12:49:36","date_gmt":"2025-11-24T12:49:36","guid":{"rendered":"https:\/\/rentalbikebarcelona.com\/?page_id=3"},"modified":"2026-03-06T11:07:26","modified_gmt":"2026-03-06T11:07:26","slug":"politica-de-privacidad","status":"publish","type":"page","link":"https:\/\/rentalbikebarcelona.com\/es\/privacy-policy\/","title":{"rendered":"Pol\u00edtica de Privacidad"},"content":{"rendered":"<div class=\"wpb-content-wrapper\"><div class=\"vc_row wpb_row section vc_row-fluid\" style=' text-align:left;'><div class=\"full_section_inner clearfix\"><div class=\"wpb_column vc_column_container vc_col-sm-12\"><div class=\"vc_column-inner\"><div class=\"wpb_wrapper\">\n\t<div class=\"wpb_text_column wpb_content_element  vc_custom_1772717208401\">\n\t\t<div class=\"wpb_wrapper\">\n\t\t\t<h2 class=\"entry-title\" style=\"text-align: center;\">Pol\u00edticas de Privacidad<\/h2>\n\n\t\t<\/div> \n\t<\/div> <\/div><\/div><\/div><\/div><\/div><div      class=\"vc_row wpb_row section vc_row-fluid\" style=' text-align:left;'><div class=\"full_section_inner clearfix\"><div class=\"wpb_column vc_column_container vc_col-sm-12\"><div class=\"vc_column-inner\"><div class=\"wpb_wrapper\">\n\t<div class=\"wpb_text_column wpb_content_element  vc_custom_1772716471810\">\n\t\t<div class=\"wpb_wrapper\">\n\t\t\t<h3><span style=\"color: #339966;\">IDENTIFICACI\u00d3N DEL TITULAR<\/span><\/h3>\n\n\t\t<\/div> \n\t<\/div> \n\t<div class=\"wpb_text_column wpb_content_element  vc_custom_1772716706722\">\n\t\t<div class=\"wpb_wrapper\">\n\t\t\t<p><strong>Bicicletas de alquiler Barcelona<\/strong> es el propietario del sitio web que est\u00e1 visitando, responsable del tratamiento de los datos personales del usuario, de modo que en el tratamiento de sus datos personales, <strong>Bicicletas de alquiler Barcelona<\/strong> asegura el cumplimiento de la normativa vigente en materia de protecci\u00f3n de datos LOPD y RGPD, as\u00ed como del Reglamento de la Ley de Servicios de la Sociedad de la Informaci\u00f3n y de Comercio Electr\u00f3nico (LSSICE o LSSI), por ello, se facilita la siguiente informaci\u00f3n sobre el tratamiento.<\/p>\n<p>Esta Pol\u00edtica de Privacidad establece la forma y proporciona la informaci\u00f3n necesaria sobre la gesti\u00f3n y el tratamiento de los datos personales que se recopilan en esta web. El usuario debe leerla y aceptarla antes de continuar en ella.<\/p>\n\n\t\t<\/div> \n\t<\/div> <\/div><\/div><\/div><\/div><\/div><div      class=\"vc_row wpb_row section vc_row-fluid\" style=' text-align:left;'><div class=\"full_section_inner clearfix\"><div class=\"wpb_column vc_column_container vc_col-sm-12\"><div class=\"vc_column-inner\"><div class=\"wpb_wrapper\">\n\t<div class=\"wpb_text_column wpb_content_element  vc_custom_1772716485258\">\n\t\t<div class=\"wpb_wrapper\">\n\t\t\t<h3><span style=\"color: #339966;\">ENV\u00cdO Y REGISTRO DE DATOS PERSONALES<\/span><\/h3>\n\n\t\t<\/div> \n\t<\/div> \n\t<div class=\"wpb_text_column wpb_content_element  vc_custom_1772716714322\">\n\t\t<div class=\"wpb_wrapper\">\n\t\t\t<p>El env\u00edo de los datos personales solicitados en el formulario es necesario para contactar, suscribirse a nuestros boletines y\/o realizar operaciones comerciales con <strong>Bicicletas de alquiler Barcelona<\/strong>. La no facilitaci\u00f3n de los datos personales solicitados o la no aceptaci\u00f3n de esta pol\u00edtica de protecci\u00f3n de datos implica la imposibilidad de llevar a cabo las solicitudes formuladas por el interesado o la suscripci\u00f3n a nuestras newsletters.<\/p>\n\n\t\t<\/div> \n\t<\/div> <\/div><\/div><\/div><\/div><\/div><div      class=\"vc_row wpb_row section vc_row-fluid\" style=' text-align:left;'><div class=\"full_section_inner clearfix\"><div class=\"wpb_column vc_column_container vc_col-sm-12\"><div class=\"vc_column-inner\"><div class=\"wpb_wrapper\">\n\t<div class=\"wpb_text_column wpb_content_element  vc_custom_1772716496125\">\n\t\t<div class=\"wpb_wrapper\">\n\t\t\t<h3><span style=\"color: #339966;\">PROP\u00d3SITO DEL TRATAMIENTO DE DATOS<\/span><\/h3>\n\n\t\t<\/div> \n\t<\/div> \n\t<div class=\"wpb_text_column wpb_content_element  vc_custom_1772716740289\">\n\t\t<div class=\"wpb_wrapper\">\n\t\t\t<p>Los datos que solicitamos son, en todo momento, los adecuados, pertinentes y estrictamente necesarios para la finalidad para la que son recogidos. Como usuario, usted certifica que todos los datos que nos env\u00eda o facilita a trav\u00e9s de estos formularios son verdaderos, exactos y pertinentes para la finalidad para la que han sido solicitados. En funci\u00f3n del formulario o secci\u00f3n a la que acceda, la informaci\u00f3n que nos proporcione se utilizar\u00e1 para las finalidades que se describen a continuaci\u00f3n:<\/p>\n<p>Los que indicamos particularmente en cada una de las p\u00e1ginas donde aparezca el formulario electr\u00f3nico de inscripci\u00f3n, contacto, consulta o similar.<\/p>\n<p>2. Atender sus solicitudes e informarle sobre nuestros servicios, pedidos o cualquier tipo de petici\u00f3n que realice a trav\u00e9s de cualquiera de los formularios de contacto de nuestra p\u00e1gina web.<\/p>\n<p>3. Para facilitar a nuestros usuarios la suscripci\u00f3n a nuestras publicaciones, noticias o blog.<\/p>\n<p>4. Para poder producir estad\u00edsticas con fines comerciales.<\/p>\n<p>5. Para remitirle comunicaciones comerciales relacionadas con nuestros productos, servicios, novedades o promociones, por cualquier medio, electr\u00f3nico o telef\u00f3nico.<\/p>\n<p>6. Para facilitar convertirse en un partidario de <strong>Bicicletas de alquiler Barcelona<\/strong> perfiles en redes sociales que enlacen a nuestro sitio web. A este respecto queremos que sea conocedor de que, el tratamiento de sus datos personales en el entorno de estas redes sociales se regir\u00e1 por las pol\u00edticas de privacidad de dichas plataformas, por lo que el ejercicio de derechos por <strong>Bicicletas de alquiler Barcelona<\/strong> se limitar\u00e1 a las que permita la red social, por este motivo recomendamos que antes de seguir nuestros perfiles en redes sociales revises los t\u00e9rminos de uso y las pol\u00edticas de privacidad de la plataforma.<\/p>\n\n\t\t<\/div> \n\t<\/div> <\/div><\/div><\/div><\/div><\/div><div      class=\"vc_row wpb_row section vc_row-fluid\" style=' text-align:left;'><div class=\"full_section_inner clearfix\"><div class=\"wpb_column vc_column_container vc_col-sm-12\"><div class=\"vc_column-inner\"><div class=\"wpb_wrapper\">\n\t<div class=\"wpb_text_column wpb_content_element  vc_custom_1772716508842\">\n\t\t<div class=\"wpb_wrapper\">\n\t\t\t<h3><span style=\"color: #339966;\">CONFIDENCIALIDAD, PRESERVACI\u00d3N Y CESI\u00d3N DE DATOS<\/span><\/h3>\n\n\t\t<\/div> \n\t<\/div> \n\t<div class=\"wpb_text_column wpb_content_element  vc_custom_1772716749693\">\n\t\t<div class=\"wpb_wrapper\">\n\t\t\t<p>Sus datos ser\u00e1n tratados con la m\u00e1xima confidencialidad por todos nuestros colaboradores o empleados en cualquier etapa de los servicios que prestamos, utiliz\u00e1ndose sus datos exclusivamente para los fines que hemos indicado anteriormente.<\/p>\n<p>Sus datos ser\u00e1n conservados durante el tiempo necesario para llevar a cabo el pedido encargado, as\u00ed como para cumplir con la legislaci\u00f3n vigente. En caso de aceptar recibir comunicaciones comerciales de Rental Bike Barcelona, estas se conservar\u00e1n mientras usted no solicite la baja.<\/p>\n<p><strong>Bicicletas de alquiler Barcelona<\/strong> garantiza que sus datos no ser\u00e1n transferidos ni comunicados a terceros, salvo en los casos previstos por la ley y en aquellos en que dicha transferencia est\u00e9 amparada por normativas o sea esencial para cumplir el servicio solicitado. En caso de ceder sus datos fuera de estos supuestos se solicitar\u00e1 su autorizaci\u00f3n de forma expresa.<\/p>\n<p>No realizamos transferencias internacionales de datos fuera de la Uni\u00f3n Europea.<\/p>\n\n\t\t<\/div> \n\t<\/div> <\/div><\/div><\/div><\/div><\/div><div      class=\"vc_row wpb_row section vc_row-fluid\" style=' text-align:left;'><div class=\"full_section_inner clearfix\"><div class=\"wpb_column vc_column_container vc_col-sm-12\"><div class=\"vc_column-inner\"><div class=\"wpb_wrapper\">\n\t<div class=\"wpb_text_column wpb_content_element  vc_custom_1772716523481\">\n\t\t<div class=\"wpb_wrapper\">\n\t\t\t<h3><span style=\"color: #339966;\">INC\u00d3RPORACI\u00d3N DE DATOS DE TERCEROS<\/span><\/h3>\n\n\t\t<\/div> \n\t<\/div> \n\t<div class=\"wpb_text_column wpb_content_element  vc_custom_1772716761474\">\n\t\t<div class=\"wpb_wrapper\">\n\t\t\t<p>En caso de que nos facilite datos personales de terceros, declara que ha sido autorizado por dichas personas para proporcionarnos sus datos, y que les ha informado previamente sobre lo que incluye esta pol\u00edtica de privacidad, especialmente los datos de nuestra empresa y c\u00f3mo ejercer los derechos sobre el tratamiento de sus datos.<\/p>\n<p><strong>Bicicletas de alquiler Barcelona<\/strong> no asume ninguna responsabilidad por los datos de terceros que nos proporcione, siendo su \u00fanica responsabilidad contar con la autorizaci\u00f3n de los titulares y darles una informaci\u00f3n adecuada sobre el tratamiento de los datos.<\/p>\n\n\t\t<\/div> \n\t<\/div> <\/div><\/div><\/div><\/div><\/div><div      class=\"vc_row wpb_row section vc_row-fluid\" style=' text-align:left;'><div class=\"full_section_inner clearfix\"><div class=\"wpb_column vc_column_container vc_col-sm-12\"><div class=\"vc_column-inner\"><div class=\"wpb_wrapper\">\n\t<div class=\"wpb_text_column wpb_content_element  vc_custom_1772716545961\">\n\t\t<div class=\"wpb_wrapper\">\n\t\t\t<h3><span style=\"color: #339966;\">EJERCICIO DE DERECHOS<\/span><\/h3>\n\n\t\t<\/div> \n\t<\/div> \n\t<div class=\"wpb_text_column wpb_content_element  vc_custom_1772795151939\">\n\t\t<div class=\"wpb_wrapper\">\n\t\t\t<p>En todo momento, puede enviarnos una comunicaci\u00f3n por escrito a la direcci\u00f3n social de <strong>Bicicletas de alquiler Barcelona<\/strong>, o al correo electr\u00f3nico que aparece en nuestra p\u00e1gina web, para ejercer sus derechos de acceso, rectificaci\u00f3n, portabilidad, supresi\u00f3n, limitaci\u00f3n u oposici\u00f3n de sus datos. Deber\u00e1 adjuntar fotocopia de su DNI o cualquier otro documento que permita identificarle<\/p>\n<p>Los derechos que pueden ejercerse son los siguientes:<\/p>\n<p>Derecho de acceso, rectificaci\u00f3n, portabilidad y supresi\u00f3n de sus datos, as\u00ed como la limitaci\u00f3n u oposici\u00f3n a su tratamiento.<br \/>\nDerecho a presentar una reclamaci\u00f3n ante la autoridad de control, en este caso, la Agencia Espa\u00f1ola de Protecci\u00f3n de Datos, si lo considera oportuno.<\/p>\n<p>Derecho a rescindir nuestros servicios de suscripci\u00f3n enviando un correo electr\u00f3nico a: nicola.sabata@gmail.com indicando en su solicitud: CANCELAR SUSCRIPCI\u00d3N<\/p>\n<p>Derecho a revocar el consentimiento otorgado para el tratamiento de sus datos en cualquier momento siempre que sea posible. Si bien esta revocaci\u00f3n en ning\u00fan caso tendr\u00e1 car\u00e1cter retroactivo.<\/p>\n\n\t\t<\/div> \n\t<\/div> <\/div><\/div><\/div><\/div><\/div><div      class=\"vc_row wpb_row section vc_row-fluid\" style=' text-align:left;'><div class=\"full_section_inner clearfix\"><div class=\"wpb_column vc_column_container vc_col-sm-12\"><div class=\"vc_column-inner\"><div class=\"wpb_wrapper\">\n\t<div class=\"wpb_text_column wpb_content_element  vc_custom_1772716560634\">\n\t\t<div class=\"wpb_wrapper\">\n\t\t\t<h3><span style=\"color: #339966;\">ACEPTACI\u00d3N Y CONSENTIMIENTO<\/span><\/h3>\n\n\t\t<\/div> \n\t<\/div> \n\t<div class=\"wpb_text_column wpb_content_element  vc_custom_1772716801337\">\n\t\t<div class=\"wpb_wrapper\">\n\t\t\t<p>Al marcar las casillas de aceptaci\u00f3n obligatorias de nuestra \u201cPol\u00edtica de Privacidad\u201d y \u201cAviso Legal\u201d y la introducci\u00f3n de datos en los campos de nuestros formularios, el usuario acepta de forma expresa, libre e inequ\u00edvoca que sus datos son necesarios para atender su solicitud, declarando haber sido informado de las condiciones sobre protecci\u00f3n de datos personales, aceptando y por ende consintiendo el tratamiento de sus datos por <strong>Bicicletas de alquiler Barcelona<\/strong>, en la forma y con los fines indicados en esta pol\u00edtica de privacidad.<\/p>\n\n\t\t<\/div> \n\t<\/div> <\/div><\/div><\/div><\/div><\/div><div      class=\"vc_row wpb_row section vc_row-fluid\" style=' text-align:left;'><div class=\"full_section_inner clearfix\"><div class=\"wpb_column vc_column_container vc_col-sm-12\"><div class=\"vc_column-inner\"><div class=\"wpb_wrapper\">\n\t<div class=\"wpb_text_column wpb_content_element  vc_custom_1772716570209\">\n\t\t<div class=\"wpb_wrapper\">\n\t\t\t<h3><span style=\"color: #339966;\">MEDIDAS DE SEGURIDAD<\/span><\/h3>\n\n\t\t<\/div> \n\t<\/div> \n\t<div class=\"wpb_text_column wpb_content_element  vc_custom_1772716788025\">\n\t\t<div class=\"wpb_wrapper\">\n\t\t\t<p><strong>Bicicletas de alquiler Barcelona<\/strong>, ha adoptado todas las medidas t\u00e9cnicas y organizativas necesarias para garantizar la seguridad de los datos personales que nos facilitan. Evitando as\u00ed alteraciones, p\u00e9rdidas, tratamientos o accesos no autorizados. No obstante lo anterior, el usuario reconoce y acepta que las medidas de seguridad en Internet no son inexpugnables al cien por cien.<\/p>\n\n\t\t<\/div> \n\t<\/div> <\/div><\/div><\/div><\/div><\/div><div      class=\"vc_row wpb_row section vc_row-fluid  vc_custom_1772716834345\" style=' text-align:left;'><div class=\"full_section_inner clearfix\"><div class=\"wpb_column vc_column_container vc_col-sm-12\"><div class=\"vc_column-inner\"><div class=\"wpb_wrapper\">\n\t<div class=\"wpb_text_column wpb_content_element  vc_custom_1772716580813\">\n\t\t<div class=\"wpb_wrapper\">\n\t\t\t<h3><span style=\"color: #339966;\">MODIFICACIONES DE ESTA POL\u00cdTICA<\/span><\/h3>\n\n\t\t<\/div> \n\t<\/div> \n\t<div class=\"wpb_text_column wpb_content_element  vc_custom_1772716808441\">\n\t\t<div class=\"wpb_wrapper\">\n\t\t\t<p><strong>Bicicletas de alquiler Barcelona<\/strong>, podr\u00e1 alterar esta pol\u00edtica de privacidad con el fin de adaptarla a cualquier cambio legislativo que aparezca y que afecte a las pol\u00edticas contenidas en este documento. Como consecuencia, te recomendamos que la revises peri\u00f3dicamente, as\u00ed como que te pongas en contacto con nosotros ante cualquier duda o incidencia que surja al correo electr\u00f3nico: info@rentalbikebarcelona.com o en la direcci\u00f3n y tel\u00e9fonos de contacto que figuran en nuestra web.<\/p>\n\n\t\t<\/div> \n\t<\/div> <\/div><\/div><\/div><\/div><\/div>\n<\/div>","protected":false},"excerpt":{"rendered":"Privacy Policies IDENTIFICATION OF THE HOLDER Rental Bike Barcelona is the owner of the web site that you are visiting, being responsible for the treatment of the personal data of the user, so that in the processing of your personal data, Rental Bike Barcelona ensures...","protected":false},"author":1,"featured_media":0,"parent":0,"menu_order":0,"comment_status":"closed","ping_status":"open","template":"","meta":{"_joinchat":[],"footnotes":""},"class_list":["post-3","page","type-page","status-publish","hentry"],"_links":{"self":[{"href":"https:\/\/rentalbikebarcelona.com\/es\/wp-json\/wp\/v2\/pages\/3","targetHints":{"allow":["GET"]}}],"collection":[{"href":"https:\/\/rentalbikebarcelona.com\/es\/wp-json\/wp\/v2\/pages"}],"about":[{"href":"https:\/\/rentalbikebarcelona.com\/es\/wp-json\/wp\/v2\/types\/page"}],"author":[{"embeddable":true,"href":"https:\/\/rentalbikebarcelona.com\/es\/wp-json\/wp\/v2\/users\/1"}],"replies":[{"embeddable":true,"href":"https:\/\/rentalbikebarcelona.com\/es\/wp-json\/wp\/v2\/comments?post=3"}],"version-history":[{"count":10,"href":"https:\/\/rentalbikebarcelona.com\/es\/wp-json\/wp\/v2\/pages\/3\/revisions"}],"predecessor-version":[{"id":3376,"href":"https:\/\/rentalbikebarcelona.com\/es\/wp-json\/wp\/v2\/pages\/3\/revisions\/3376"}],"wp:attachment":[{"href":"https:\/\/rentalbikebarcelona.com\/es\/wp-json\/wp\/v2\/media?parent=3"}],"curies":[{"name":"wp","href":"https:\/\/api.w.org\/{rel}","templated":true}]}}