{"id":3,"date":"2025-11-24T12:49:36","date_gmt":"2025-11-24T12:49:36","guid":{"rendered":"https:\/\/rentalbikebarcelona.com\/?page_id=3"},"modified":"2026-03-06T11:07:26","modified_gmt":"2026-03-06T11:07:26","slug":"politique-de-confidentialite","status":"publish","type":"page","link":"https:\/\/rentalbikebarcelona.com\/fr\/privacy-policy\/","title":{"rendered":"Politique de confidentialit\u00e9"},"content":{"rendered":"<div class=\"wpb-content-wrapper\"><div class=\"vc_row wpb_row section vc_row-fluid\" style=' text-align:left;'><div class=\"full_section_inner clearfix\"><div class=\"wpb_column vc_column_container vc_col-sm-12\"><div class=\"vc_column-inner\"><div class=\"wpb_wrapper\">\n\t<div class=\"wpb_text_column wpb_content_element  vc_custom_1772717208401\">\n\t\t<div class=\"wpb_wrapper\">\n\t\t\t<h2 class=\"entry-title\" style=\"text-align: center;\">Politiques de confidentialit\u00e9<\/h2>\n\n\t\t<\/div> \n\t<\/div> <\/div><\/div><\/div><\/div><\/div><div      class=\"vc_row wpb_row section vc_row-fluid\" style=' text-align:left;'><div class=\"full_section_inner clearfix\"><div class=\"wpb_column vc_column_container vc_col-sm-12\"><div class=\"vc_column-inner\"><div class=\"wpb_wrapper\">\n\t<div class=\"wpb_text_column wpb_content_element  vc_custom_1772716471810\">\n\t\t<div class=\"wpb_wrapper\">\n\t\t\t<h3><span style=\"color: #339966;\">Identification du titulaire<\/span><\/h3>\n\n\t\t<\/div> \n\t<\/div> \n\t<div class=\"wpb_text_column wpb_content_element  vc_custom_1772716706722\">\n\t\t<div class=\"wpb_wrapper\">\n\t\t\t<p><strong>Location V\u00e9lo Barcelone<\/strong> le propri\u00e9taire du site web que vous visitez est responsable du traitement des donn\u00e9es personnelles de l'utilisateur, de sorte que dans le traitement de vos donn\u00e9es personnelles, <strong>Location V\u00e9lo Barcelone<\/strong> assure la conformit\u00e9 avec la r\u00e9glementation en vigueur en mati\u00e8re de protection des donn\u00e9es LOPD et RGPD, ainsi qu'avec le r\u00e8glement sur la loi des services de la soci\u00e9t\u00e9 de l'information et du commerce \u00e9lectronique (LSSICE ou LSSI), par cons\u00e9quent, les informations suivantes sur le traitement sont fournies.<\/p>\n<p>La pr\u00e9sente politique de confidentialit\u00e9 \u00e9tablit les modalit\u00e9s et fournit les informations n\u00e9cessaires sur la gestion et le traitement des donn\u00e9es personnelles collect\u00e9es sur ce site web. L'utilisateur doit la lire et l'accepter avant de poursuivre sa navigation.<\/p>\n\n\t\t<\/div> \n\t<\/div> <\/div><\/div><\/div><\/div><\/div><div      class=\"vc_row wpb_row section vc_row-fluid\" style=' text-align:left;'><div class=\"full_section_inner clearfix\"><div class=\"wpb_column vc_column_container vc_col-sm-12\"><div class=\"vc_column-inner\"><div class=\"wpb_wrapper\">\n\t<div class=\"wpb_text_column wpb_content_element  vc_custom_1772716485258\">\n\t\t<div class=\"wpb_wrapper\">\n\t\t\t<h3><span style=\"color: #339966;\">ENVOI ET ENREGISTREMENT DE DONN\u00c9ES PERSONNELLES<\/span><\/h3>\n\n\t\t<\/div> \n\t<\/div> \n\t<div class=\"wpb_text_column wpb_content_element  vc_custom_1772716714322\">\n\t\t<div class=\"wpb_wrapper\">\n\t\t\t<p>L'envoi des donn\u00e9es personnelles demand\u00e9es dans le formulaire est n\u00e9cessaire pour vous contacter, vous abonner \u00e0 nos newsletters et\/ou effectuer des op\u00e9rations commerciales avec <strong>Location V\u00e9lo Barcelone<\/strong>. Le fait de ne pas fournir les donn\u00e9es personnelles demand\u00e9es ou de ne pas accepter cette politique de protection des donn\u00e9es implique l'impossibilit\u00e9 de r\u00e9aliser les demandes formul\u00e9es par la personne concern\u00e9e ou de s'abonner \u00e0 nos newsletters.<\/p>\n\n\t\t<\/div> \n\t<\/div> <\/div><\/div><\/div><\/div><\/div><div      class=\"vc_row wpb_row section vc_row-fluid\" style=' text-align:left;'><div class=\"full_section_inner clearfix\"><div class=\"wpb_column vc_column_container vc_col-sm-12\"><div class=\"vc_column-inner\"><div class=\"wpb_wrapper\">\n\t<div class=\"wpb_text_column wpb_content_element  vc_custom_1772716496125\">\n\t\t<div class=\"wpb_wrapper\">\n\t\t\t<h3><span style=\"color: #339966;\">OBJET DU TRAITEMENT DES DONN\u00c9ES<\/span><\/h3>\n\n\t\t<\/div> \n\t<\/div> \n\t<div class=\"wpb_text_column wpb_content_element  vc_custom_1772716740289\">\n\t\t<div class=\"wpb_wrapper\">\n\t\t\t<p>Les donn\u00e9es que nous demandons sont, \u00e0 tout moment, celles qui sont appropri\u00e9es, pertinentes et strictement n\u00e9cessaires au but pour lequel elles sont collect\u00e9es. En tant qu'utilisateur, vous certifiez que toutes les donn\u00e9es que vous nous transmettez ou fournissez \u00e0 travers ces formulaires sont vraies, exactes et pertinentes pour le but pour lequel elles ont \u00e9t\u00e9 demand\u00e9es. Selon le formulaire ou la section \u00e0 laquelle vous acc\u00e9dez, les informations que vous fournissez seront utilis\u00e9es aux fins d\u00e9crites ci-dessous :<\/p>\n<p>Ceux que nous indiquons particuli\u00e8rement dans chacune des pages o\u00f9 apparaissent le formulaire d'inscription \u00e9lectronique, de contact, de requ\u00eate ou similaire.<\/p>\n<p>2. Satisfaire vos demandes et vous informer sur nos services, commandes ou tout autre type de demande que vous effectuez via les formulaires de contact de notre site web.<\/p>\n<p>3. Pour faciliter \u00e0 nos utilisateurs l'abonnement \u00e0 nos publications, nos actualit\u00e9s ou notre blog.<\/p>\n<p>4. Afin de pouvoir produire des statistiques \u00e0 des fins commerciales.<\/p>\n<p>5. Pour vous envoyer des communications commerciales relatives \u00e0 nos produits, services, actualit\u00e9s ou promotions, par tout moyen, \u00e9lectronique ou t\u00e9l\u00e9phonique.<\/p>\n<p>6. Pour faciliter le fait de devenir un supporter de <strong>Location V\u00e9lo Barcelone<\/strong> profils sur les r\u00e9seaux sociaux qui renvoient vers notre site web. \u00c0 cet \u00e9gard, nous tenons \u00e0 vous informer que le traitement de vos donn\u00e9es personnelles dans l'environnement de ces r\u00e9seaux sociaux sera r\u00e9gi par les politiques de confidentialit\u00e9 de ces plateformes, de sorte que l'exercice des droits par <strong>Location V\u00e9lo Barcelone<\/strong> sera limit\u00e9 \u00e0 ceux que le r\u00e9seau social autorise, c'est pourquoi nous vous recommandons de consulter les conditions d'utilisation et les politiques de confidentialit\u00e9 de la plateforme avant de suivre nos profils sur les r\u00e9seaux sociaux.<\/p>\n\n\t\t<\/div> \n\t<\/div> <\/div><\/div><\/div><\/div><\/div><div      class=\"vc_row wpb_row section vc_row-fluid\" style=' text-align:left;'><div class=\"full_section_inner clearfix\"><div class=\"wpb_column vc_column_container vc_col-sm-12\"><div class=\"vc_column-inner\"><div class=\"wpb_wrapper\">\n\t<div class=\"wpb_text_column wpb_content_element  vc_custom_1772716508842\">\n\t\t<div class=\"wpb_wrapper\">\n\t\t\t<h3><span style=\"color: #339966;\">CONFIDENTIALIT\u00c9, PR\u00c9SERVATION ET CESSION DES DONN\u00c9ES<\/span><\/h3>\n\n\t\t<\/div> \n\t<\/div> \n\t<div class=\"wpb_text_column wpb_content_element  vc_custom_1772716749693\">\n\t\t<div class=\"wpb_wrapper\">\n\t\t\t<p>Vos donn\u00e9es seront trait\u00e9es avec la plus grande confidentialit\u00e9 par l'ensemble de nos collaborateurs ou employ\u00e9s \u00e0 quelque \u00e9tape que ce soit des services que nous proposons, vos donn\u00e9es \u00e9tant exclusivement utilis\u00e9es aux fins que nous vous avons indiqu\u00e9es ci-dessus.<\/p>\n<p>Vos donn\u00e9es seront conserv\u00e9es le temps n\u00e9cessaire \u00e0 l'ex\u00e9cution de la commande pass\u00e9e, ainsi qu'au respect de la l\u00e9gislation en vigueur. Dans le cas o\u00f9 vous acceptez de recevoir des communications commerciales de Rental Bike Barcelona, elles seront conserv\u00e9es tant que vous ne demanderez pas leur annulation.<\/p>\n<p><strong>Location V\u00e9lo Barcelone<\/strong> garantit que vos donn\u00e9es ne seront pas transf\u00e9r\u00e9es ou communiqu\u00e9es \u00e0 des tiers, sauf dans les cas pr\u00e9vus par la loi et lorsque ce transfert est couvert par la loi ou est essentiel pour l'ex\u00e9cution du service demand\u00e9. Dans le cas de cession de vos donn\u00e9es en dehors de ces cas, nous vous demanderons votre autorisation expresse.<\/p>\n<p>Nous n'effectuons pas de transferts de donn\u00e9es internationaux en dehors de l'Union europ\u00e9enne.<\/p>\n\n\t\t<\/div> \n\t<\/div> <\/div><\/div><\/div><\/div><\/div><div      class=\"vc_row wpb_row section vc_row-fluid\" style=' text-align:left;'><div class=\"full_section_inner clearfix\"><div class=\"wpb_column vc_column_container vc_col-sm-12\"><div class=\"vc_column-inner\"><div class=\"wpb_wrapper\">\n\t<div class=\"wpb_text_column wpb_content_element  vc_custom_1772716523481\">\n\t\t<div class=\"wpb_wrapper\">\n\t\t\t<h3><span style=\"color: #339966;\">INT\u00c9GRATION DE DONN\u00c9ES TIERCES<\/span><\/h3>\n\n\t\t<\/div> \n\t<\/div> \n\t<div class=\"wpb_text_column wpb_content_element  vc_custom_1772716761474\">\n\t\t<div class=\"wpb_wrapper\">\n\t\t\t<p>Dans le cas o\u00f9 vous nous fournissez des donn\u00e9es personnelles de tiers, vous d\u00e9clarez que vous avez \u00e9t\u00e9 autoris\u00e9 par ces personnes \u00e0 nous fournir leurs donn\u00e9es, que vous les avez pr\u00e9alablement inform\u00e9es du contenu de cette politique de confidentialit\u00e9, notamment des donn\u00e9es de notre soci\u00e9t\u00e9 et de la mani\u00e8re d'exercer leurs droits sur le traitement de leurs donn\u00e9es.<\/p>\n<p><strong>Location V\u00e9lo Barcelone<\/strong> ne assume aucune responsabilit\u00e9 quant aux donn\u00e9es provenant de ces tiers que vous nous fournissez, il vous incombe de disposer de l'autorisation des propri\u00e9taires et de leur fournir des informations ad\u00e9quates sur le traitement des donn\u00e9es.<\/p>\n\n\t\t<\/div> \n\t<\/div> <\/div><\/div><\/div><\/div><\/div><div      class=\"vc_row wpb_row section vc_row-fluid\" style=' text-align:left;'><div class=\"full_section_inner clearfix\"><div class=\"wpb_column vc_column_container vc_col-sm-12\"><div class=\"vc_column-inner\"><div class=\"wpb_wrapper\">\n\t<div class=\"wpb_text_column wpb_content_element  vc_custom_1772716545961\">\n\t\t<div class=\"wpb_wrapper\">\n\t\t\t<h3><span style=\"color: #339966;\">EXERCICE DES DROITS<\/span><\/h3>\n\n\t\t<\/div> \n\t<\/div> \n\t<div class=\"wpb_text_column wpb_content_element  vc_custom_1772795151939\">\n\t\t<div class=\"wpb_wrapper\">\n\t\t\t<p>\u00c0 tout moment, vous pouvez nous adresser une communication \u00e9crite \u00e0 l'adresse sociale de <strong>Location V\u00e9lo Barcelone<\/strong>, ou \u00e0 l'adresse e-mail qui appara\u00eet sur notre site web, pour exercer vos droits d'acc\u00e8s, de rectification, de portabilit\u00e9, de suppression, de limitation ou d'opposition de vos donn\u00e9es. Vous devrez y joindre une photocopie de votre DNI ou de tout autre document nous permettant de vous identifier.<\/p>\n<p>Les droits qui peuvent \u00eatre exerc\u00e9s sont les suivants :<\/p>\n<p>Droit d'acc\u00e8s, de rectification, de portabilit\u00e9 et de suppression de vos donn\u00e9es, ainsi que de limitation ou d'opposition \u00e0 leur traitement.<br \/>\nDroit d'introduire une r\u00e9clamation aupr\u00e8s de l'autorit\u00e9 de contr\u00f4le, en l'occurrence l'Agence espagnole de protection des donn\u00e9es, si vous estimez que c'est appropri\u00e9.<\/p>\n<p>Droit de r\u00e9silier nos services d'abonnement en envoyant un e-mail \u00e0 : nicola.sabata@gmail.com en indiquant dans votre demande : ANNULER L'ABONNEMENT<\/p>\n<p>Droit de r\u00e9voquer \u00e0 tout moment le consentement donn\u00e9 au traitement de vos donn\u00e9es lorsque cela est possible. Bien que cette r\u00e9vocation n'ait en aucun cas de caract\u00e8re r\u00e9troactif.<\/p>\n\n\t\t<\/div> \n\t<\/div> <\/div><\/div><\/div><\/div><\/div><div      class=\"vc_row wpb_row section vc_row-fluid\" style=' text-align:left;'><div class=\"full_section_inner clearfix\"><div class=\"wpb_column vc_column_container vc_col-sm-12\"><div class=\"vc_column-inner\"><div class=\"wpb_wrapper\">\n\t<div class=\"wpb_text_column wpb_content_element  vc_custom_1772716560634\">\n\t\t<div class=\"wpb_wrapper\">\n\t\t\t<h3><span style=\"color: #339966;\">ACCEPTATION ET CONSENTEMENT<\/span><\/h3>\n\n\t\t<\/div> \n\t<\/div> \n\t<div class=\"wpb_text_column wpb_content_element  vc_custom_1772716801337\">\n\t\t<div class=\"wpb_wrapper\">\n\t\t\t<p>En cochant les cases d'acceptation obligatoire de notre \u201c Politique de confidentialit\u00e9 \u201d et de nos \u201c Mentions l\u00e9gales \u201d et en saisissant des donn\u00e9es dans les champs de nos formulaires, l'utilisateur accepte de mani\u00e8re expresse, libre et non \u00e9quivoque que ses donn\u00e9es sont n\u00e9cessaires pour r\u00e9pondre \u00e0 sa demande, d\u00e9clarant avoir \u00e9t\u00e9 inform\u00e9 des conditions de protection des donn\u00e9es personnelles, acceptant et consentant par cons\u00e9quent au traitement de ses donn\u00e9es par <strong>Location V\u00e9lo Barcelone<\/strong>, dans la forme et aux fins indiqu\u00e9es dans la pr\u00e9sente politique de confidentialit\u00e9.<\/p>\n\n\t\t<\/div> \n\t<\/div> <\/div><\/div><\/div><\/div><\/div><div      class=\"vc_row wpb_row section vc_row-fluid\" style=' text-align:left;'><div class=\"full_section_inner clearfix\"><div class=\"wpb_column vc_column_container vc_col-sm-12\"><div class=\"vc_column-inner\"><div class=\"wpb_wrapper\">\n\t<div class=\"wpb_text_column wpb_content_element  vc_custom_1772716570209\">\n\t\t<div class=\"wpb_wrapper\">\n\t\t\t<h3><span style=\"color: #339966;\">MESURES DE S\u00c9CURIT\u00c9<\/span><\/h3>\n\n\t\t<\/div> \n\t<\/div> \n\t<div class=\"wpb_text_column wpb_content_element  vc_custom_1772716788025\">\n\t\t<div class=\"wpb_wrapper\">\n\t\t\t<p><strong>Location V\u00e9lo Barcelone<\/strong>, a adopt\u00e9 toutes les mesures techniques et organisationnelles n\u00e9cessaires pour garantir la s\u00e9curit\u00e9 des donn\u00e9es personnelles qui nous sont fournies. \u00c9vitant ainsi la modification, la perte, le traitement ou l'acc\u00e8s non autoris\u00e9. Nonobstant ce qui pr\u00e9c\u00e8de, l'utilisateur reconna\u00eet et accepte que les mesures de s\u00e9curit\u00e9 sur Internet ne sont pas s\u00fbres \u00e0 cent pour cent.<\/p>\n\n\t\t<\/div> \n\t<\/div> <\/div><\/div><\/div><\/div><\/div><div      class=\"vc_row wpb_row section vc_row-fluid  vc_custom_1772716834345\" style=' text-align:left;'><div class=\"full_section_inner clearfix\"><div class=\"wpb_column vc_column_container vc_col-sm-12\"><div class=\"vc_column-inner\"><div class=\"wpb_wrapper\">\n\t<div class=\"wpb_text_column wpb_content_element  vc_custom_1772716580813\">\n\t\t<div class=\"wpb_wrapper\">\n\t\t\t<h3><span style=\"color: #339966;\">MODIFICATIONS DE CETTE POLITIQUE<\/span><\/h3>\n\n\t\t<\/div> \n\t<\/div> \n\t<div class=\"wpb_text_column wpb_content_element  vc_custom_1772716808441\">\n\t\t<div class=\"wpb_wrapper\">\n\t\t\t<p><strong>Location V\u00e9lo Barcelone<\/strong>, we may modify this privacy policy in order to adapt it to any legislative changes that appear and affect the policies contained in this document. As a consequence, we recommend that you review it periodically, as well as contacting us in case of any doubt or incident at the email: info@rentalbikebarcelona.com or at the address and contact numbers that appear on our website.<\/p>\n\n\t\t<\/div> \n\t<\/div> <\/div><\/div><\/div><\/div><\/div>\n<\/div>","protected":false},"excerpt":{"rendered":"Privacy Policies IDENTIFICATION OF THE HOLDER Rental Bike Barcelona is the owner of the web site that you are visiting, being responsible for the treatment of the personal data of the user, so that in the processing of your personal data, Rental Bike Barcelona ensures...","protected":false},"author":1,"featured_media":0,"parent":0,"menu_order":0,"comment_status":"closed","ping_status":"open","template":"","meta":{"_joinchat":[],"footnotes":""},"class_list":["post-3","page","type-page","status-publish","hentry"],"_links":{"self":[{"href":"https:\/\/rentalbikebarcelona.com\/fr\/wp-json\/wp\/v2\/pages\/3","targetHints":{"allow":["GET"]}}],"collection":[{"href":"https:\/\/rentalbikebarcelona.com\/fr\/wp-json\/wp\/v2\/pages"}],"about":[{"href":"https:\/\/rentalbikebarcelona.com\/fr\/wp-json\/wp\/v2\/types\/page"}],"author":[{"embeddable":true,"href":"https:\/\/rentalbikebarcelona.com\/fr\/wp-json\/wp\/v2\/users\/1"}],"replies":[{"embeddable":true,"href":"https:\/\/rentalbikebarcelona.com\/fr\/wp-json\/wp\/v2\/comments?post=3"}],"version-history":[{"count":10,"href":"https:\/\/rentalbikebarcelona.com\/fr\/wp-json\/wp\/v2\/pages\/3\/revisions"}],"predecessor-version":[{"id":3376,"href":"https:\/\/rentalbikebarcelona.com\/fr\/wp-json\/wp\/v2\/pages\/3\/revisions\/3376"}],"wp:attachment":[{"href":"https:\/\/rentalbikebarcelona.com\/fr\/wp-json\/wp\/v2\/media?parent=3"}],"curies":[{"name":"wp","href":"https:\/\/api.w.org\/{rel}","templated":true}]}}